{"id":2615,"date":"2018-08-21T15:22:26","date_gmt":"2018-08-21T15:22:26","guid":{"rendered":"https:\/\/oeconomia-expertise.com\/?page_id=2615"},"modified":"2020-07-14T14:03:14","modified_gmt":"2020-07-14T12:03:14","slug":"expertises","status":"publish","type":"page","link":"https:\/\/oeconomia-expertise.com\/fr\/expertises\/","title":{"rendered":"Expertises"},"content":{"rendered":"\t\t<div data-elementor-type=\"wp-post\" data-elementor-id=\"2615\" class=\"elementor elementor-2615 elementor-248\" data-elementor-settings=\"[]\">\n\t\t\t\t\t\t<div class=\"elementor-inner\">\n\t\t\t\t\t\t\t<div class=\"elementor-section-wrap\">\n\t\t\t\t\t\t\t<section class=\"elementor-section elementor-top-section elementor-element elementor-element-94d4eae elementor-section-stretched elementor-section-height-min-height elementor-section-content-middle elementor-section-boxed elementor-section-height-default elementor-section-items-middle\" data-id=\"94d4eae\" data-element_type=\"section\" data-settings=\"{&quot;stretch_section&quot;:&quot;section-stretched&quot;,&quot;background_background&quot;:&quot;classic&quot;}\">\n\t\t\t\t\t\t<div class=\"elementor-container elementor-column-gap-no\">\n\t\t\t\t\t\t\t<div class=\"elementor-row\">\n\t\t\t\t\t<div class=\"elementor-column elementor-col-100 elementor-top-column elementor-element elementor-element-33329a2 sc_inner_width_none sc_layouts_column_icons_position_left\" data-id=\"33329a2\" data-element_type=\"column\">\n\t\t\t<div class=\"elementor-column-wrap\">\n\t\t\t\t\t\t\t<div class=\"elementor-widget-wrap\">\n\t\t\t\t\t\t\t\t<\/div>\n\t\t\t\t\t<\/div>\n\t\t<\/div>\n\t\t\t\t\t\t\t\t<\/div>\n\t\t\t\t\t<\/div>\n\t\t<\/section>\n\t\t\t\t<section class=\"elementor-section elementor-top-section elementor-element elementor-element-4706d5c elementor-section-boxed elementor-section-height-default elementor-section-height-default\" data-id=\"4706d5c\" data-element_type=\"section\">\n\t\t\t\t\t\t<div class=\"elementor-container elementor-column-gap-extended\">\n\t\t\t\t\t\t\t<div class=\"elementor-row\">\n\t\t\t\t\t<div class=\"elementor-column elementor-col-100 elementor-top-column elementor-element elementor-element-7062246 sc_inner_width_none sc_layouts_column_icons_position_left\" data-id=\"7062246\" data-element_type=\"column\">\n\t\t\t<div class=\"elementor-column-wrap elementor-element-populated\">\n\t\t\t\t\t\t\t<div class=\"elementor-widget-wrap\">\n\t\t\t\t\t\t<div class=\"elementor-element elementor-element-a6a7145 sc_height_medium elementor-widget elementor-widget-spacer\" data-id=\"a6a7145\" data-element_type=\"widget\" data-widget_type=\"spacer.default\">\n\t\t\t\t<div class=\"elementor-widget-container\">\n\t\t\t\t\t<div class=\"elementor-spacer\">\n\t\t\t<div class=\"elementor-spacer-inner\"><\/div>\n\t\t<\/div>\n\t\t\t\t<\/div>\n\t\t\t\t<\/div>\n\t\t\t\t<div class=\"elementor-element elementor-element-fb48dbd elementor-invisible elementor-widget elementor-widget-trx_sc_title\" data-id=\"fb48dbd\" data-element_type=\"widget\" data-settings=\"{&quot;_animation&quot;:&quot;fadeIn&quot;,&quot;_animation_delay&quot;:100,&quot;_animation_mobile&quot;:&quot;none&quot;}\" data-widget_type=\"trx_sc_title.default\">\n\t\t\t\t<div class=\"elementor-widget-container\">\n\t\t\t<div id=\"trx_sc_title_569960794\"\n\t\tclass=\"sc_title color_style_link2 sc_title_default\"><h6 class=\"sc_item_subtitle sc_title_subtitle sc_align_center sc_item_title_style_default\">Oeconomia<\/h6><h1 class=\"sc_item_title sc_title_title sc_align_center sc_item_title_style_default sc_item_title_tag\">Notre Expertise<\/h1><\/div><!-- \/.sc_title -->\t\t<\/div>\n\t\t\t\t<\/div>\n\t\t\t\t<div class=\"elementor-element elementor-element-f903a87 sc_height_medium elementor-widget elementor-widget-spacer\" data-id=\"f903a87\" data-element_type=\"widget\" data-widget_type=\"spacer.default\">\n\t\t\t\t<div class=\"elementor-widget-container\">\n\t\t\t\t\t<div class=\"elementor-spacer\">\n\t\t\t<div class=\"elementor-spacer-inner\"><\/div>\n\t\t<\/div>\n\t\t\t\t<\/div>\n\t\t\t\t<\/div>\n\t\t\t\t\t\t<\/div>\n\t\t\t\t\t<\/div>\n\t\t<\/div>\n\t\t\t\t\t\t\t\t<\/div>\n\t\t\t\t\t<\/div>\n\t\t<\/section>\n\t\t\t\t<section class=\"elementor-section elementor-top-section elementor-element elementor-element-8fd63b7 elementor-section-boxed elementor-section-height-default elementor-section-height-default\" data-id=\"8fd63b7\" data-element_type=\"section\">\n\t\t\t\t\t\t<div class=\"elementor-container elementor-column-gap-extended\">\n\t\t\t\t\t\t\t<div class=\"elementor-row\">\n\t\t\t\t\t<div class=\"elementor-column elementor-col-50 elementor-top-column elementor-element elementor-element-badc41a sc_inner_width_none sc_layouts_column_icons_position_left\" data-id=\"badc41a\" data-element_type=\"column\">\n\t\t\t<div class=\"elementor-column-wrap elementor-element-populated\">\n\t\t\t\t\t\t\t<div class=\"elementor-widget-wrap\">\n\t\t\t\t\t\t<div class=\"elementor-element elementor-element-cf7d4cc elementor-position-top elementor-vertical-align-top elementor-widget elementor-widget-image-box\" data-id=\"cf7d4cc\" data-element_type=\"widget\" data-widget_type=\"image-box.default\">\n\t\t\t\t<div class=\"elementor-widget-container\">\n\t\t\t<div class=\"elementor-image-box-wrapper\"><figure class=\"elementor-image-box-img\"><img src=\"https:\/\/oeconomia-expertise.com\/wp-content\/uploads\/elementor\/thumbs\/18485690_10156085478238538_6534240248111958450_n-oq6eyizgmks4hpiz31rm0y78c2vm124l7dc74u8qk4.jpg\" title=\"18485690_10156085478238538_6534240248111958450_n\" alt=\"18485690_10156085478238538_6534240248111958450_n\" \/><\/figure><div class=\"elementor-image-box-content\"><h3 class=\"elementor-image-box-title\">Financement du syst\u00e8me de sant\u00e9<\/h3><p class=\"elementor-image-box-description\">Oeconomia participe aux efforts pour une couverture sanitaire universelle (CSU), car nous pensons que toute personne a le droit d\u2019acc\u00e9der \u00e0 des services de sant\u00e9 de qualit\u00e9 selon ses besoins, sans encourir de d\u00e9penses catastrophiques. Oeconomia met \u00e0 disposition son expertise pour d\u00e9finir des strat\u00e9gies d\u2019atteinte de la CSU et  identifier et r\u00e9soudre les obstacles li\u00e9s au financement. Notre \u00e9quipe dispose d\u2019une exp\u00e9rience reconnue des m\u00e9canismes et dispositifs de financement bas\u00e9 sur les r\u00e9sultats, des initiatives de gratuit\u00e9 des soins, d\u2019assurance maladie et mutuelles de sant\u00e9, ch\u00e8ques sant\u00e9 etc. <\/p><\/div><\/div>\t\t<\/div>\n\t\t\t\t<\/div>\n\t\t\t\t\t\t<\/div>\n\t\t\t\t\t<\/div>\n\t\t<\/div>\n\t\t\t\t<div class=\"elementor-column elementor-col-50 elementor-top-column elementor-element elementor-element-2c52b45 sc_inner_width_none sc_layouts_column_icons_position_left\" data-id=\"2c52b45\" data-element_type=\"column\">\n\t\t\t<div class=\"elementor-column-wrap elementor-element-populated\">\n\t\t\t\t\t\t\t<div class=\"elementor-widget-wrap\">\n\t\t\t\t\t\t<div class=\"elementor-element elementor-element-0334781 elementor-position-top elementor-vertical-align-top elementor-widget elementor-widget-image-box\" data-id=\"0334781\" data-element_type=\"widget\" data-widget_type=\"image-box.default\">\n\t\t\t\t<div class=\"elementor-widget-container\">\n\t\t\t<div class=\"elementor-image-box-wrapper\"><figure class=\"elementor-image-box-img\"><img src=\"https:\/\/oeconomia-expertise.com\/wp-content\/uploads\/elementor\/thumbs\/IMG_8618-002-oq6eylsz72vzgjevmkzhqfhm48hpo5fs7ranko4k1g.jpg\" title=\"IMG_8618-(002)\" alt=\"IMG_8618-(002)\" \/><\/figure><div class=\"elementor-image-box-content\"><h3 class=\"elementor-image-box-title\">Analyse \u00e9conomique<\/h3><p class=\"elementor-image-box-description\">L\u2019analyse \u00e9conomique est un outil incontournable d\u2019aide \u00e0 la d\u00e9cision pour les gouvernements, bailleurs et organisations dans un contexte de ressources limit\u00e9es et d\u2019imp\u00e9ratif d\u2019efficience des interventions. L\u2019\u00e9valuation \u00e9conomique consiste en une analyse comparative de deux alternatives (ou plus) en termes de co\u00fbts et de cons\u00e9quences. Nous mettons r\u00e9guli\u00e8rement en \u0153uvre des \u00e9valuations \u00e9conomiques de structures, interventions, programmes ou politiques de sant\u00e9: \u00e9tudes de co\u00fbts, analyses co\u00fbt-efficacit\u00e9, co\u00fbt-b\u00e9n\u00e9fice, co\u00fbt-utilit\u00e9. Nous portons une attention particuli\u00e8re \u00e0 l\u2019utilisation des r\u00e9sultats de ces \u00e9tudes et \u00e0 l\u2019op\u00e9rationnalisation des recommandations. <\/p><\/div><\/div>\t\t<\/div>\n\t\t\t\t<\/div>\n\t\t\t\t\t\t<\/div>\n\t\t\t\t\t<\/div>\n\t\t<\/div>\n\t\t\t\t\t\t\t\t<\/div>\n\t\t\t\t\t<\/div>\n\t\t<\/section>\n\t\t\t\t<section class=\"elementor-section elementor-top-section elementor-element elementor-element-25a7191 elementor-section-boxed elementor-section-height-default elementor-section-height-default\" data-id=\"25a7191\" data-element_type=\"section\">\n\t\t\t\t\t\t<div class=\"elementor-container elementor-column-gap-extended\">\n\t\t\t\t\t\t\t<div class=\"elementor-row\">\n\t\t\t\t\t<div class=\"elementor-column elementor-col-100 elementor-top-column elementor-element elementor-element-568308c sc_inner_width_none sc_layouts_column_icons_position_left\" data-id=\"568308c\" data-element_type=\"column\">\n\t\t\t<div class=\"elementor-column-wrap elementor-element-populated\">\n\t\t\t\t\t\t\t<div class=\"elementor-widget-wrap\">\n\t\t\t\t\t\t<div class=\"elementor-element elementor-element-094920f sc_height_medium elementor-widget elementor-widget-spacer\" data-id=\"094920f\" data-element_type=\"widget\" data-widget_type=\"spacer.default\">\n\t\t\t\t<div class=\"elementor-widget-container\">\n\t\t\t\t\t<div class=\"elementor-spacer\">\n\t\t\t<div class=\"elementor-spacer-inner\"><\/div>\n\t\t<\/div>\n\t\t\t\t<\/div>\n\t\t\t\t<\/div>\n\t\t\t\t\t\t<\/div>\n\t\t\t\t\t<\/div>\n\t\t<\/div>\n\t\t\t\t\t\t\t\t<\/div>\n\t\t\t\t\t<\/div>\n\t\t<\/section>\n\t\t\t\t<section class=\"elementor-section elementor-top-section elementor-element elementor-element-9efefb1 elementor-section-boxed elementor-section-height-default elementor-section-height-default\" data-id=\"9efefb1\" data-element_type=\"section\">\n\t\t\t\t\t\t<div class=\"elementor-container elementor-column-gap-extended\">\n\t\t\t\t\t\t\t<div class=\"elementor-row\">\n\t\t\t\t\t<div class=\"elementor-column elementor-col-50 elementor-top-column elementor-element elementor-element-516e751 sc_inner_width_none sc_layouts_column_icons_position_left\" data-id=\"516e751\" data-element_type=\"column\">\n\t\t\t<div class=\"elementor-column-wrap elementor-element-populated\">\n\t\t\t\t\t\t\t<div class=\"elementor-widget-wrap\">\n\t\t\t\t\t\t<div class=\"elementor-element elementor-element-7e44fed elementor-position-top elementor-vertical-align-top elementor-widget elementor-widget-image-box\" data-id=\"7e44fed\" data-element_type=\"widget\" data-widget_type=\"image-box.default\">\n\t\t\t\t<div class=\"elementor-widget-container\">\n\t\t\t<div class=\"elementor-image-box-wrapper\"><figure class=\"elementor-image-box-img\"><img src=\"https:\/\/oeconomia-expertise.com\/wp-content\/uploads\/elementor\/thumbs\/IMG_8654-oq6eylsz72vzgjevmkzhqfhm48hpo5fs7ranko4k1g.jpg\" title=\"IMG_8654\" alt=\"IMG_8654\" \/><\/figure><div class=\"elementor-image-box-content\"><h3 class=\"elementor-image-box-title\">Gestion de projet<\/h3><p class=\"elementor-image-box-description\">L\u2019approche projet reste privil\u00e9gi\u00e9e par la plupart des partenaires techniques et financiers dans le secteur de la sant\u00e9 (ONG, fondations, agences de d\u00e9veloppement). Oeconomia assiste ses partenaires dans la conception et la mise en \u0153uvre d\u2019intervention pertinentes, efficaces, efficientes et soutenables afin d\u2019am\u00e9liorer la sant\u00e9 des populations. Oeconomia contribue \u00e9galement \u00e0 mise en place de syst\u00e8mes de suivi et monitoring et conduit des \u00e9valuations de projets (\u00e0 mi-parcours et finales). <\/p><\/div><\/div>\t\t<\/div>\n\t\t\t\t<\/div>\n\t\t\t\t\t\t<\/div>\n\t\t\t\t\t<\/div>\n\t\t<\/div>\n\t\t\t\t<div class=\"elementor-column elementor-col-50 elementor-top-column elementor-element elementor-element-18bdc56 sc_inner_width_none sc_layouts_column_icons_position_left\" data-id=\"18bdc56\" data-element_type=\"column\">\n\t\t\t<div class=\"elementor-column-wrap elementor-element-populated\">\n\t\t\t\t\t\t\t<div class=\"elementor-widget-wrap\">\n\t\t\t\t\t\t<div class=\"elementor-element elementor-element-d48af86 elementor-position-top elementor-vertical-align-top elementor-widget elementor-widget-image-box\" data-id=\"d48af86\" data-element_type=\"widget\" data-widget_type=\"image-box.default\">\n\t\t\t\t<div class=\"elementor-widget-container\">\n\t\t\t<div class=\"elementor-image-box-wrapper\"><figure class=\"elementor-image-box-img\"><img src=\"https:\/\/oeconomia-expertise.com\/wp-content\/uploads\/elementor\/thumbs\/15112012-IMG_9624rr-oq6eymqtdwx9s5dih3e4ax92pmd2vujijvy51y35v8.jpg\" title=\"15112012-IMG_9624rr\" alt=\"15112012-IMG_9624rr\" \/><\/figure><div class=\"elementor-image-box-content\"><h3 class=\"elementor-image-box-title\">Gestion hospitali\u00e8re<\/h3><p class=\"elementor-image-box-description\">Oeconomia intervient aupr\u00e8s des h\u00f4pitaux de tous les niveaux (de la premi\u00e8re r\u00e9f\u00e9rence \u00e0 l'h\u00f4pital de r\u00e9f\u00e9rence nationale) avec l\u2019objectif d\u2019am\u00e9lioration de la gestion financi\u00e8re et administrative des \u00e9tablissements. Oeconomia fournit diff\u00e9rents services dans le domaine de la gestion hospitali\u00e8re : audit organisationnel, \u00e9valuation du fonctionnement et de la gestion financi\u00e8re, mise en place de tarification forfaitaire, analyses financi\u00e8res, \u00e9laboration et suivi du budget, estimation des besoins en personnel, syst\u00e8me d\u2019information etc.<\/p><\/div><\/div>\t\t<\/div>\n\t\t\t\t<\/div>\n\t\t\t\t\t\t<\/div>\n\t\t\t\t\t<\/div>\n\t\t<\/div>\n\t\t\t\t\t\t\t\t<\/div>\n\t\t\t\t\t<\/div>\n\t\t<\/section>\n\t\t\t\t<section class=\"elementor-section elementor-top-section elementor-element elementor-element-6c30ecc elementor-section-boxed elementor-section-height-default elementor-section-height-default\" data-id=\"6c30ecc\" data-element_type=\"section\">\n\t\t\t\t\t\t<div class=\"elementor-container elementor-column-gap-extended\">\n\t\t\t\t\t\t\t<div class=\"elementor-row\">\n\t\t\t\t\t<div class=\"elementor-column elementor-col-100 elementor-top-column elementor-element elementor-element-f7fd713 sc_inner_width_none sc_layouts_column_icons_position_left\" data-id=\"f7fd713\" data-element_type=\"column\">\n\t\t\t<div class=\"elementor-column-wrap elementor-element-populated\">\n\t\t\t\t\t\t\t<div class=\"elementor-widget-wrap\">\n\t\t\t\t\t\t<div class=\"elementor-element elementor-element-5d07981 sc_height_medium elementor-widget elementor-widget-spacer\" data-id=\"5d07981\" data-element_type=\"widget\" data-widget_type=\"spacer.default\">\n\t\t\t\t<div class=\"elementor-widget-container\">\n\t\t\t\t\t<div class=\"elementor-spacer\">\n\t\t\t<div class=\"elementor-spacer-inner\"><\/div>\n\t\t<\/div>\n\t\t\t\t<\/div>\n\t\t\t\t<\/div>\n\t\t\t\t\t\t<\/div>\n\t\t\t\t\t<\/div>\n\t\t<\/div>\n\t\t\t\t\t\t\t\t<\/div>\n\t\t\t\t\t<\/div>\n\t\t<\/section>\n\t\t\t\t<section class=\"elementor-section elementor-top-section elementor-element elementor-element-91a48b8 elementor-section-boxed elementor-section-height-default elementor-section-height-default\" data-id=\"91a48b8\" data-element_type=\"section\">\n\t\t\t\t\t\t<div class=\"elementor-container elementor-column-gap-extended\">\n\t\t\t\t\t\t\t<div class=\"elementor-row\">\n\t\t\t\t\t<div class=\"elementor-column elementor-col-100 elementor-top-column elementor-element elementor-element-2c0c8b0 sc_inner_width_none sc_layouts_column_icons_position_left\" data-id=\"2c0c8b0\" data-element_type=\"column\">\n\t\t\t<div class=\"elementor-column-wrap elementor-element-populated\">\n\t\t\t\t\t\t\t<div class=\"elementor-widget-wrap\">\n\t\t\t\t\t\t<div class=\"elementor-element elementor-element-37e6373 elementor-position-top elementor-vertical-align-top elementor-widget elementor-widget-image-box\" data-id=\"37e6373\" data-element_type=\"widget\" data-widget_type=\"image-box.default\">\n\t\t\t\t<div class=\"elementor-widget-container\">\n\t\t\t<div class=\"elementor-image-box-wrapper\"><div class=\"elementor-image-box-content\"><h3 class=\"elementor-image-box-title\">Enqu\u00eates et Recherche op\u00e9rationnelle<\/h3><p class=\"elementor-image-box-description\">Nous avons l\u2019expertise pour mener ou accompagner nos clients dans la conception et r\u00e9alisation d\u2019\u00e9tudes reposant sur des m\u00e9thodes quantitative et qualitative (enqu\u00eates de terrain, entretiens, groupes de discussion, etc.) et ayant trait au domaine de l\u2019\u00e9conomie de la sant\u00e9 au sens large (\u00e9tudes sur les barri\u00e8res \u00e0 l\u2019acc\u00e8s aux soins, la volont\u00e9 et capacit\u00e9 \u00e0 payer, le ciblage des indigents, etc.).   <\/p><\/div><\/div>\t\t<\/div>\n\t\t\t\t<\/div>\n\t\t\t\t\t\t<\/div>\n\t\t\t\t\t<\/div>\n\t\t<\/div>\n\t\t\t\t\t\t\t\t<\/div>\n\t\t\t\t\t<\/div>\n\t\t<\/section>\n\t\t\t\t<section class=\"elementor-section elementor-top-section elementor-element elementor-element-7391b45 elementor-section-boxed elementor-section-height-default elementor-section-height-default\" data-id=\"7391b45\" data-element_type=\"section\">\n\t\t\t\t\t\t<div class=\"elementor-container elementor-column-gap-extended\">\n\t\t\t\t\t\t\t<div class=\"elementor-row\">\n\t\t\t\t\t<div class=\"elementor-column elementor-col-100 elementor-top-column elementor-element elementor-element-94a8de2 sc_inner_width_none sc_layouts_column_icons_position_left\" data-id=\"94a8de2\" data-element_type=\"column\">\n\t\t\t<div class=\"elementor-column-wrap elementor-element-populated\">\n\t\t\t\t\t\t\t<div class=\"elementor-widget-wrap\">\n\t\t\t\t\t\t<div class=\"elementor-element elementor-element-f57b18b sc_height_huge elementor-widget elementor-widget-spacer\" data-id=\"f57b18b\" data-element_type=\"widget\" data-widget_type=\"spacer.default\">\n\t\t\t\t<div class=\"elementor-widget-container\">\n\t\t\t\t\t<div class=\"elementor-spacer\">\n\t\t\t<div class=\"elementor-spacer-inner\"><\/div>\n\t\t<\/div>\n\t\t\t\t<\/div>\n\t\t\t\t<\/div>\n\t\t\t\t\t\t<\/div>\n\t\t\t\t\t<\/div>\n\t\t<\/div>\n\t\t\t\t\t\t\t\t<\/div>\n\t\t\t\t\t<\/div>\n\t\t<\/section>\n\t\t\t\t<section class=\"elementor-section elementor-top-section elementor-element elementor-element-1d2bdef elementor-section-stretched elementor-section-height-min-height elementor-section-content-middle elementor-section-boxed elementor-section-height-default elementor-section-items-middle\" data-id=\"1d2bdef\" data-element_type=\"section\" data-settings=\"{&quot;stretch_section&quot;:&quot;section-stretched&quot;,&quot;background_background&quot;:&quot;classic&quot;}\">\n\t\t\t\t\t\t<div class=\"elementor-container elementor-column-gap-extended\">\n\t\t\t\t\t\t\t<div class=\"elementor-row\">\n\t\t\t\t\t<div class=\"elementor-column elementor-col-100 elementor-top-column elementor-element elementor-element-3c0fbec sc_inner_width_none sc_layouts_column_icons_position_left\" data-id=\"3c0fbec\" data-element_type=\"column\">\n\t\t\t<div class=\"elementor-column-wrap\">\n\t\t\t\t\t\t\t<div class=\"elementor-widget-wrap\">\n\t\t\t\t\t\t\t\t<\/div>\n\t\t\t\t\t<\/div>\n\t\t<\/div>\n\t\t\t\t\t\t\t\t<\/div>\n\t\t\t\t\t<\/div>\n\t\t<\/section>\n\t\t\t\t\t\t<\/div>\n\t\t\t\t\t\t<\/div>\n\t\t\t\t\t<\/div>\n\t\t","protected":false},"excerpt":{"rendered":"<p>Oeconomia Notre Expertise Financement du syst\u00e8me de sant\u00e9 Oeconomia participe aux efforts pour une couverture sanitaire universelle (CSU), car nous&hellip;<\/p>\n","protected":false},"author":1,"featured_media":0,"parent":0,"menu_order":0,"comment_status":"closed","ping_status":"closed","template":"","meta":[],"_links":{"self":[{"href":"https:\/\/oeconomia-expertise.com\/fr\/wp-json\/wp\/v2\/pages\/2615"}],"collection":[{"href":"https:\/\/oeconomia-expertise.com\/fr\/wp-json\/wp\/v2\/pages"}],"about":[{"href":"https:\/\/oeconomia-expertise.com\/fr\/wp-json\/wp\/v2\/types\/page"}],"author":[{"embeddable":true,"href":"https:\/\/oeconomia-expertise.com\/fr\/wp-json\/wp\/v2\/users\/1"}],"replies":[{"embeddable":true,"href":"https:\/\/oeconomia-expertise.com\/fr\/wp-json\/wp\/v2\/comments?post=2615"}],"version-history":[{"count":11,"href":"https:\/\/oeconomia-expertise.com\/fr\/wp-json\/wp\/v2\/pages\/2615\/revisions"}],"predecessor-version":[{"id":2958,"href":"https:\/\/oeconomia-expertise.com\/fr\/wp-json\/wp\/v2\/pages\/2615\/revisions\/2958"}],"wp:attachment":[{"href":"https:\/\/oeconomia-expertise.com\/fr\/wp-json\/wp\/v2\/media?parent=2615"}],"curies":[{"name":"wp","href":"https:\/\/api.w.org\/{rel}","templated":true}]}}